{"id":6,"date":"2018-09-30T14:41:21","date_gmt":"2018-09-30T14:41:21","guid":{"rendered":"http:\/\/cinnabon.com.tr\/?page_id=6"},"modified":"2025-04-20T12:01:03","modified_gmt":"2025-04-20T12:01:03","slug":"about-us","status":"publish","type":"page","link":"https:\/\/cinnabon.com.tr\/about-us\/","title":{"rendered":"About Us"},"content":{"rendered":"<h2>OUR STORY STARTED IN 1985.<\/h2>\n<p><img loading=\"lazy\" decoding=\"async\" class=\"alignright size-full wp-image-37\" src=\"http:\/\/cinnabon.com.tr\/wp-content\/uploads\/content1.jpg\" alt=\"\" width=\"400\" height=\"267\" srcset=\"https:\/\/cinnabon.com.tr\/wp-content\/uploads\/content1.jpg 400w, https:\/\/cinnabon.com.tr\/wp-content\/uploads\/content1-300x200.jpg 300w\" sizes=\"(max-width: 400px) 100vw, 400px\" \/><br \/>\nIt all started with a father, a son and a mission to create the world\u2019s greatest cinnamon roll from scratch. Add in one master baker, months of trial and error, hundreds of different recipes and\u2014 BOOM!\u2014you\u2019ve got the sweet, cinnamon-spiced perfection that soon became the calling card of Cinnabon\u00ae.<\/p>\n<p>When the father-son duo finally landed on the most magical combination of exceptional ingredients from across the globe, they knew they\u2019d created the perfect recipe. So on December 4, 1985, they transformed their hard-earned dream into a delicious reality with the opening of the first Cinnabon\u00ae Bakery in the SeaTac Mall in Seattle, Washington.<\/p>\n<p>Devoured by thousands of eager, waiting guests, the original Cinnabon\u00ae cinnamon roll became an instant obsession. To this day, the Cinnabon experience continues to grow to delicious new heights. Not only are there now locations throughout the nation and in over 50 countries worldwide, but the menu has also expanded to offer exciting, new ways for guests to enjoy the irresistible pleasure that only Cinnabon can provide.<\/p>\n<p>Cinnabon\u00ae is now one of the world\u2019s most-recognized and sought-after brands. You\u2019ll find it where you shop, travel, dine and play. In fact, you can even find it on grocery store shelves to enjoy our bakery inspired cinnamon rolls right in your own home. And the best news is Cinnabon is just getting started.<\/p>\n","protected":false},"excerpt":{"rendered":"<p>OUR STORY STARTED IN 1985. It all started with a father, a son and a mission to create the world\u2019s greatest cinnamon roll from scratch. Add in one master baker, months of trial and error, hundreds of different recipes and\u2014 BOOM!\u2014you\u2019ve got the sweet, cinnamon-spiced perfection that soon became the calling card of Cinnabon\u00ae. When [&hellip;]<\/p>\n","protected":false},"author":1,"featured_media":0,"parent":0,"menu_order":0,"comment_status":"closed","ping_status":"closed","template":"","meta":{"_acf_changed":false,"footnotes":"","_locale":"en_US","_original_post":"http:\/\/cinnabon.com.tr\/?page_id=6"},"acf":[],"yoast_head":"<!-- This site is optimized with the Yoast SEO plugin v23.5 - https:\/\/yoast.com\/wordpress\/plugins\/seo\/ -->\n<title>About Us - Cinnabon T\u00fcrkiye<\/title>\n<meta name=\"description\" content=\"Cinnabon -- taze, aromatik ve s\u0131cac\u0131k tar\u00e7\u0131nl\u0131 \u00e7\u00f6rekleri ile d\u00fcnyaca \u00fcnl\u00fc. Kahve ce\u015fitleri ve buzlu i\u00e7ecekleri ile tan\u0131nan. Yer y\u00fcz\u00fcndeki en tatl\u0131 marka.\" \/>\n<meta name=\"robots\" content=\"index, follow, max-snippet:-1, max-image-preview:large, max-video-preview:-1\" \/>\n<link rel=\"canonical\" href=\"https:\/\/cinnabon.com.tr\/about-us\/\" \/>\n<meta property=\"og:locale\" content=\"en_US\" \/>\n<meta property=\"og:type\" content=\"article\" \/>\n<meta property=\"og:title\" content=\"About Us - Cinnabon T\u00fcrkiye\" \/>\n<meta property=\"og:description\" content=\"Cinnabon -- taze, aromatik ve s\u0131cac\u0131k tar\u00e7\u0131nl\u0131 \u00e7\u00f6rekleri ile d\u00fcnyaca \u00fcnl\u00fc. Kahve ce\u015fitleri ve buzlu i\u00e7ecekleri ile tan\u0131nan. Yer y\u00fcz\u00fcndeki en tatl\u0131 marka.\" \/>\n<meta property=\"og:url\" content=\"https:\/\/cinnabon.com.tr\/about-us\/\" \/>\n<meta property=\"og:site_name\" content=\"Cinnabon T\u00fcrkiye\" \/>\n<meta property=\"article:publisher\" content=\"https:\/\/www.facebook.com\/Cinnabon-Turkey-921745568002130\/\" \/>\n<meta property=\"article:modified_time\" content=\"2025-04-20T12:01:03+00:00\" \/>\n<meta property=\"og:image\" content=\"http:\/\/cinnabon.com.tr\/wp-content\/uploads\/content1.jpg\" \/>\n<meta name=\"twitter:card\" content=\"summary_large_image\" \/>\n<meta name=\"twitter:site\" content=\"@cinnabonturkey\" \/>\n<meta name=\"twitter:label1\" content=\"Est. reading time\" \/>\n\t<meta name=\"twitter:data1\" content=\"2 minutes\" \/>\n<script type=\"application\/ld+json\" class=\"yoast-schema-graph\">{\"@context\":\"https:\/\/schema.org\",\"@graph\":[{\"@type\":\"WebPage\",\"@id\":\"https:\/\/cinnabon.com.tr\/about-us\/\",\"url\":\"https:\/\/cinnabon.com.tr\/about-us\/\",\"name\":\"About Us - Cinnabon T\u00fcrkiye\",\"isPartOf\":{\"@id\":\"https:\/\/cinnabon.com.tr\/#website\"},\"primaryImageOfPage\":{\"@id\":\"https:\/\/cinnabon.com.tr\/about-us\/#primaryimage\"},\"image\":{\"@id\":\"https:\/\/cinnabon.com.tr\/about-us\/#primaryimage\"},\"thumbnailUrl\":\"http:\/\/cinnabon.com.tr\/wp-content\/uploads\/content1.jpg\",\"datePublished\":\"2018-09-30T14:41:21+00:00\",\"dateModified\":\"2025-04-20T12:01:03+00:00\",\"description\":\"Cinnabon -- taze, aromatik ve s\u0131cac\u0131k tar\u00e7\u0131nl\u0131 \u00e7\u00f6rekleri ile d\u00fcnyaca \u00fcnl\u00fc. Kahve ce\u015fitleri ve buzlu i\u00e7ecekleri ile tan\u0131nan. Yer y\u00fcz\u00fcndeki en tatl\u0131 marka.\",\"breadcrumb\":{\"@id\":\"https:\/\/cinnabon.com.tr\/about-us\/#breadcrumb\"},\"inLanguage\":\"en-US\",\"potentialAction\":[{\"@type\":\"ReadAction\",\"target\":[\"https:\/\/cinnabon.com.tr\/about-us\/\"]}]},{\"@type\":\"ImageObject\",\"inLanguage\":\"en-US\",\"@id\":\"https:\/\/cinnabon.com.tr\/about-us\/#primaryimage\",\"url\":\"http:\/\/cinnabon.com.tr\/wp-content\/uploads\/content1.jpg\",\"contentUrl\":\"http:\/\/cinnabon.com.tr\/wp-content\/uploads\/content1.jpg\"},{\"@type\":\"BreadcrumbList\",\"@id\":\"https:\/\/cinnabon.com.tr\/about-us\/#breadcrumb\",\"itemListElement\":[{\"@type\":\"ListItem\",\"position\":1,\"name\":\"Home\",\"item\":\"https:\/\/cinnabon.com.tr\/en\/\"},{\"@type\":\"ListItem\",\"position\":2,\"name\":\"About Us\"}]},{\"@type\":\"WebSite\",\"@id\":\"https:\/\/cinnabon.com.tr\/#website\",\"url\":\"https:\/\/cinnabon.com.tr\/\",\"name\":\"Cinnabon Turkey\",\"description\":\"1985&#039;ten beri m\u00fckemmelli\u011fin tarifi...\",\"publisher\":{\"@id\":\"https:\/\/cinnabon.com.tr\/#organization\"},\"potentialAction\":[{\"@type\":\"SearchAction\",\"target\":{\"@type\":\"EntryPoint\",\"urlTemplate\":\"https:\/\/cinnabon.com.tr\/?s={search_term_string}\"},\"query-input\":{\"@type\":\"PropertyValueSpecification\",\"valueRequired\":true,\"valueName\":\"search_term_string\"}}],\"inLanguage\":\"en-US\"},{\"@type\":\"Organization\",\"@id\":\"https:\/\/cinnabon.com.tr\/#organization\",\"name\":\"Cinnabon Turkey\",\"url\":\"https:\/\/cinnabon.com.tr\/\",\"logo\":{\"@type\":\"ImageObject\",\"inLanguage\":\"en-US\",\"@id\":\"https:\/\/cinnabon.com.tr\/#\/schema\/logo\/image\/\",\"url\":\"http:\/\/cinnabon.com.tr\/wp-content\/uploads\/logo.png\",\"contentUrl\":\"http:\/\/cinnabon.com.tr\/wp-content\/uploads\/logo.png\",\"width\":226,\"height\":75,\"caption\":\"Cinnabon Turkey\"},\"image\":{\"@id\":\"https:\/\/cinnabon.com.tr\/#\/schema\/logo\/image\/\"},\"sameAs\":[\"https:\/\/www.facebook.com\/Cinnabon-Turkey-921745568002130\/\",\"https:\/\/x.com\/cinnabonturkey\",\"https:\/\/www.instagram.com\/cinnabonturkey\/\"]}]}<\/script>\n<!-- \/ Yoast SEO plugin. -->","yoast_head_json":{"title":"About Us - Cinnabon T\u00fcrkiye","description":"Cinnabon -- taze, aromatik ve s\u0131cac\u0131k tar\u00e7\u0131nl\u0131 \u00e7\u00f6rekleri ile d\u00fcnyaca \u00fcnl\u00fc. Kahve ce\u015fitleri ve buzlu i\u00e7ecekleri ile tan\u0131nan. Yer y\u00fcz\u00fcndeki en tatl\u0131 marka.","robots":{"index":"index","follow":"follow","max-snippet":"max-snippet:-1","max-image-preview":"max-image-preview:large","max-video-preview":"max-video-preview:-1"},"canonical":"https:\/\/cinnabon.com.tr\/about-us\/","og_locale":"en_US","og_type":"article","og_title":"About Us - Cinnabon T\u00fcrkiye","og_description":"Cinnabon -- taze, aromatik ve s\u0131cac\u0131k tar\u00e7\u0131nl\u0131 \u00e7\u00f6rekleri ile d\u00fcnyaca \u00fcnl\u00fc. Kahve ce\u015fitleri ve buzlu i\u00e7ecekleri ile tan\u0131nan. Yer y\u00fcz\u00fcndeki en tatl\u0131 marka.","og_url":"https:\/\/cinnabon.com.tr\/about-us\/","og_site_name":"Cinnabon T\u00fcrkiye","article_publisher":"https:\/\/www.facebook.com\/Cinnabon-Turkey-921745568002130\/","article_modified_time":"2025-04-20T12:01:03+00:00","og_image":[{"url":"http:\/\/cinnabon.com.tr\/wp-content\/uploads\/content1.jpg"}],"twitter_card":"summary_large_image","twitter_site":"@cinnabonturkey","twitter_misc":{"Est. reading time":"2 minutes"},"schema":{"@context":"https:\/\/schema.org","@graph":[{"@type":"WebPage","@id":"https:\/\/cinnabon.com.tr\/about-us\/","url":"https:\/\/cinnabon.com.tr\/about-us\/","name":"About Us - Cinnabon T\u00fcrkiye","isPartOf":{"@id":"https:\/\/cinnabon.com.tr\/#website"},"primaryImageOfPage":{"@id":"https:\/\/cinnabon.com.tr\/about-us\/#primaryimage"},"image":{"@id":"https:\/\/cinnabon.com.tr\/about-us\/#primaryimage"},"thumbnailUrl":"http:\/\/cinnabon.com.tr\/wp-content\/uploads\/content1.jpg","datePublished":"2018-09-30T14:41:21+00:00","dateModified":"2025-04-20T12:01:03+00:00","description":"Cinnabon -- taze, aromatik ve s\u0131cac\u0131k tar\u00e7\u0131nl\u0131 \u00e7\u00f6rekleri ile d\u00fcnyaca \u00fcnl\u00fc. Kahve ce\u015fitleri ve buzlu i\u00e7ecekleri ile tan\u0131nan. Yer y\u00fcz\u00fcndeki en tatl\u0131 marka.","breadcrumb":{"@id":"https:\/\/cinnabon.com.tr\/about-us\/#breadcrumb"},"inLanguage":"en-US","potentialAction":[{"@type":"ReadAction","target":["https:\/\/cinnabon.com.tr\/about-us\/"]}]},{"@type":"ImageObject","inLanguage":"en-US","@id":"https:\/\/cinnabon.com.tr\/about-us\/#primaryimage","url":"http:\/\/cinnabon.com.tr\/wp-content\/uploads\/content1.jpg","contentUrl":"http:\/\/cinnabon.com.tr\/wp-content\/uploads\/content1.jpg"},{"@type":"BreadcrumbList","@id":"https:\/\/cinnabon.com.tr\/about-us\/#breadcrumb","itemListElement":[{"@type":"ListItem","position":1,"name":"Home","item":"https:\/\/cinnabon.com.tr\/en\/"},{"@type":"ListItem","position":2,"name":"About Us"}]},{"@type":"WebSite","@id":"https:\/\/cinnabon.com.tr\/#website","url":"https:\/\/cinnabon.com.tr\/","name":"Cinnabon Turkey","description":"1985&#039;ten beri m\u00fckemmelli\u011fin tarifi...","publisher":{"@id":"https:\/\/cinnabon.com.tr\/#organization"},"potentialAction":[{"@type":"SearchAction","target":{"@type":"EntryPoint","urlTemplate":"https:\/\/cinnabon.com.tr\/?s={search_term_string}"},"query-input":{"@type":"PropertyValueSpecification","valueRequired":true,"valueName":"search_term_string"}}],"inLanguage":"en-US"},{"@type":"Organization","@id":"https:\/\/cinnabon.com.tr\/#organization","name":"Cinnabon Turkey","url":"https:\/\/cinnabon.com.tr\/","logo":{"@type":"ImageObject","inLanguage":"en-US","@id":"https:\/\/cinnabon.com.tr\/#\/schema\/logo\/image\/","url":"http:\/\/cinnabon.com.tr\/wp-content\/uploads\/logo.png","contentUrl":"http:\/\/cinnabon.com.tr\/wp-content\/uploads\/logo.png","width":226,"height":75,"caption":"Cinnabon Turkey"},"image":{"@id":"https:\/\/cinnabon.com.tr\/#\/schema\/logo\/image\/"},"sameAs":["https:\/\/www.facebook.com\/Cinnabon-Turkey-921745568002130\/","https:\/\/x.com\/cinnabonturkey","https:\/\/www.instagram.com\/cinnabonturkey\/"]}]}},"_links":{"self":[{"href":"https:\/\/cinnabon.com.tr\/en\/wp-json\/wp\/v2\/pages\/6"}],"collection":[{"href":"https:\/\/cinnabon.com.tr\/en\/wp-json\/wp\/v2\/pages"}],"about":[{"href":"https:\/\/cinnabon.com.tr\/en\/wp-json\/wp\/v2\/types\/page"}],"author":[{"embeddable":true,"href":"https:\/\/cinnabon.com.tr\/en\/wp-json\/wp\/v2\/users\/1"}],"replies":[{"embeddable":true,"href":"https:\/\/cinnabon.com.tr\/en\/wp-json\/wp\/v2\/comments?post=6"}],"version-history":[{"count":11,"href":"https:\/\/cinnabon.com.tr\/en\/wp-json\/wp\/v2\/pages\/6\/revisions"}],"predecessor-version":[{"id":2759,"href":"https:\/\/cinnabon.com.tr\/en\/wp-json\/wp\/v2\/pages\/6\/revisions\/2759"}],"wp:attachment":[{"href":"https:\/\/cinnabon.com.tr\/en\/wp-json\/wp\/v2\/media?parent=6"}],"curies":[{"name":"wp","href":"https:\/\/api.w.org\/{rel}","templated":true}]}}