{"id":136,"date":"2018-10-18T13:57:13","date_gmt":"2018-10-18T13:57:13","guid":{"rendered":"http:\/\/cinnabon.com.tr\/?page_id=136"},"modified":"2025-09-03T21:19:11","modified_gmt":"2025-09-03T21:19:11","slug":"menu","status":"publish","type":"page","link":"https:\/\/cinnabon.com.tr\/tr\/menu\/","title":{"rendered":"MENU"},"content":{"rendered":"<h4><a href=\"https:\/\/cinnabon.com.tr\/wp-content\/uploads\/CinnabonQRMenu.pdf\">G\u00fcncel ma\u011faza men\u00fcs\u00fcn\u00fc indirmek i\u00e7in t\u0131klay\u0131n!<\/a><\/h4>\n<h4><a href=\"https:\/\/cinnabon.com.tr\/wp-content\/uploads\/CinnabonQRMenu.pdf\"><a href=\"https:\/\/cinnabon.com.tr\/wp-content\/uploads\/CinnabonQRMenu.pdf\" class=\"pdfemb-viewer\" style=\"width:750px;\" data-width=\"750\" data-height=\"max\" data-toolbar=\"bottom\" data-toolbar-fixed=\"off\">CinnabonQRMenu<\/a><\/p>\n","protected":false},"excerpt":{"rendered":"<p>G\u00fcncel ma\u011faza men\u00fcs\u00fcn\u00fc indirmek i\u00e7in t\u0131klay\u0131n!<\/p>\n","protected":false},"author":1,"featured_media":0,"parent":0,"menu_order":0,"comment_status":"closed","ping_status":"closed","template":"","meta":{"_acf_changed":false,"footnotes":"","_locale":"tr_TR","_original_post":"http:\/\/cinnabon.com.tr\/?page_id=136"},"acf":[],"yoast_head":"<!-- This site is optimized with the Yoast SEO plugin v23.5 - https:\/\/yoast.com\/wordpress\/plugins\/seo\/ -->\n<title>MENU - Cinnabon T\u00fcrkiye % %<\/title>\n<meta name=\"description\" content=\"Cinnabon &#039; D\u00fcnyaca \u00fcnl\u00fc e\u015fsiz tatl\u0131lar\u0131, enfes kahveleri ve buzlu i\u00e7ecekleri ile yery\u00fcz\u00fcndeki en tatl\u0131 marka! &#039; @akasya @akbatiavym @mallof_istanbul @vadistanbul @viaportasia @emaarsquaremall %\" \/>\n<meta name=\"robots\" content=\"index, follow, max-snippet:-1, max-image-preview:large, max-video-preview:-1\" \/>\n<link rel=\"canonical\" href=\"https:\/\/cinnabon.com.tr\/tr\/menu\/\" \/>\n<meta property=\"og:locale\" content=\"tr_TR\" \/>\n<meta property=\"og:type\" content=\"article\" \/>\n<meta property=\"og:title\" content=\"MENU - Cinnabon T\u00fcrkiye % %\" \/>\n<meta property=\"og:description\" content=\"Cinnabon &#039; D\u00fcnyaca \u00fcnl\u00fc e\u015fsiz tatl\u0131lar\u0131, enfes kahveleri ve buzlu i\u00e7ecekleri ile yery\u00fcz\u00fcndeki en tatl\u0131 marka! &#039; @akasya @akbatiavym @mallof_istanbul @vadistanbul @viaportasia @emaarsquaremall %\" \/>\n<meta property=\"og:url\" content=\"https:\/\/cinnabon.com.tr\/tr\/menu\/\" \/>\n<meta property=\"og:site_name\" content=\"Cinnabon T\u00fcrkiye\" \/>\n<meta property=\"article:publisher\" content=\"https:\/\/www.facebook.com\/Cinnabon-Turkey-921745568002130\/\" \/>\n<meta property=\"article:modified_time\" content=\"2025-09-03T21:19:11+00:00\" \/>\n<meta name=\"twitter:card\" content=\"summary_large_image\" \/>\n<meta name=\"twitter:site\" content=\"@cinnabonturkey\" \/>\n<meta name=\"twitter:label1\" content=\"Tahmini okuma s\u00fcresi\" \/>\n\t<meta name=\"twitter:data1\" content=\"1 dakika\" \/>\n<script type=\"application\/ld+json\" class=\"yoast-schema-graph\">{\"@context\":\"https:\/\/schema.org\",\"@graph\":[{\"@type\":\"WebPage\",\"@id\":\"https:\/\/cinnabon.com.tr\/tr\/menu\/\",\"url\":\"https:\/\/cinnabon.com.tr\/tr\/menu\/\",\"name\":\"MENU - Cinnabon T\u00fcrkiye % %\",\"isPartOf\":{\"@id\":\"https:\/\/cinnabon.com.tr\/#website\"},\"datePublished\":\"2018-10-18T13:57:13+00:00\",\"dateModified\":\"2025-09-03T21:19:11+00:00\",\"description\":\"Cinnabon ' D\u00fcnyaca \u00fcnl\u00fc e\u015fsiz tatl\u0131lar\u0131, enfes kahveleri ve buzlu i\u00e7ecekleri ile yery\u00fcz\u00fcndeki en tatl\u0131 marka! ' @akasya @akbatiavym @mallof_istanbul @vadistanbul @viaportasia @emaarsquaremall %\",\"breadcrumb\":{\"@id\":\"https:\/\/cinnabon.com.tr\/tr\/menu\/#breadcrumb\"},\"inLanguage\":\"tr\",\"potentialAction\":[{\"@type\":\"ReadAction\",\"target\":[\"https:\/\/cinnabon.com.tr\/tr\/menu\/\"]}]},{\"@type\":\"BreadcrumbList\",\"@id\":\"https:\/\/cinnabon.com.tr\/tr\/menu\/#breadcrumb\",\"itemListElement\":[{\"@type\":\"ListItem\",\"position\":1,\"name\":\"Home\",\"item\":\"https:\/\/cinnabon.com.tr\/\"},{\"@type\":\"ListItem\",\"position\":2,\"name\":\"MENU\"}]},{\"@type\":\"WebSite\",\"@id\":\"https:\/\/cinnabon.com.tr\/#website\",\"url\":\"https:\/\/cinnabon.com.tr\/\",\"name\":\"Cinnabon Turkey\",\"description\":\"1985&#039;ten beri m\u00fckemmelli\u011fin tarifi...\",\"publisher\":{\"@id\":\"https:\/\/cinnabon.com.tr\/#organization\"},\"potentialAction\":[{\"@type\":\"SearchAction\",\"target\":{\"@type\":\"EntryPoint\",\"urlTemplate\":\"https:\/\/cinnabon.com.tr\/?s={search_term_string}\"},\"query-input\":{\"@type\":\"PropertyValueSpecification\",\"valueRequired\":true,\"valueName\":\"search_term_string\"}}],\"inLanguage\":\"tr\"},{\"@type\":\"Organization\",\"@id\":\"https:\/\/cinnabon.com.tr\/#organization\",\"name\":\"Cinnabon Turkey\",\"url\":\"https:\/\/cinnabon.com.tr\/\",\"logo\":{\"@type\":\"ImageObject\",\"inLanguage\":\"tr\",\"@id\":\"https:\/\/cinnabon.com.tr\/#\/schema\/logo\/image\/\",\"url\":\"http:\/\/cinnabon.com.tr\/wp-content\/uploads\/logo.png\",\"contentUrl\":\"http:\/\/cinnabon.com.tr\/wp-content\/uploads\/logo.png\",\"width\":226,\"height\":75,\"caption\":\"Cinnabon Turkey\"},\"image\":{\"@id\":\"https:\/\/cinnabon.com.tr\/#\/schema\/logo\/image\/\"},\"sameAs\":[\"https:\/\/www.facebook.com\/Cinnabon-Turkey-921745568002130\/\",\"https:\/\/x.com\/cinnabonturkey\",\"https:\/\/www.instagram.com\/cinnabonturkey\/\"]}]}<\/script>\n<!-- \/ Yoast SEO plugin. -->","yoast_head_json":{"title":"MENU - Cinnabon T\u00fcrkiye % %","description":"Cinnabon ' D\u00fcnyaca \u00fcnl\u00fc e\u015fsiz tatl\u0131lar\u0131, enfes kahveleri ve buzlu i\u00e7ecekleri ile yery\u00fcz\u00fcndeki en tatl\u0131 marka! ' @akasya @akbatiavym @mallof_istanbul @vadistanbul @viaportasia @emaarsquaremall %","robots":{"index":"index","follow":"follow","max-snippet":"max-snippet:-1","max-image-preview":"max-image-preview:large","max-video-preview":"max-video-preview:-1"},"canonical":"https:\/\/cinnabon.com.tr\/tr\/menu\/","og_locale":"tr_TR","og_type":"article","og_title":"MENU - Cinnabon T\u00fcrkiye % %","og_description":"Cinnabon ' D\u00fcnyaca \u00fcnl\u00fc e\u015fsiz tatl\u0131lar\u0131, enfes kahveleri ve buzlu i\u00e7ecekleri ile yery\u00fcz\u00fcndeki en tatl\u0131 marka! ' @akasya @akbatiavym @mallof_istanbul @vadistanbul @viaportasia @emaarsquaremall %","og_url":"https:\/\/cinnabon.com.tr\/tr\/menu\/","og_site_name":"Cinnabon T\u00fcrkiye","article_publisher":"https:\/\/www.facebook.com\/Cinnabon-Turkey-921745568002130\/","article_modified_time":"2025-09-03T21:19:11+00:00","twitter_card":"summary_large_image","twitter_site":"@cinnabonturkey","twitter_misc":{"Tahmini okuma s\u00fcresi":"1 dakika"},"schema":{"@context":"https:\/\/schema.org","@graph":[{"@type":"WebPage","@id":"https:\/\/cinnabon.com.tr\/tr\/menu\/","url":"https:\/\/cinnabon.com.tr\/tr\/menu\/","name":"MENU - Cinnabon T\u00fcrkiye % %","isPartOf":{"@id":"https:\/\/cinnabon.com.tr\/#website"},"datePublished":"2018-10-18T13:57:13+00:00","dateModified":"2025-09-03T21:19:11+00:00","description":"Cinnabon ' D\u00fcnyaca \u00fcnl\u00fc e\u015fsiz tatl\u0131lar\u0131, enfes kahveleri ve buzlu i\u00e7ecekleri ile yery\u00fcz\u00fcndeki en tatl\u0131 marka! ' @akasya @akbatiavym @mallof_istanbul @vadistanbul @viaportasia @emaarsquaremall %","breadcrumb":{"@id":"https:\/\/cinnabon.com.tr\/tr\/menu\/#breadcrumb"},"inLanguage":"tr","potentialAction":[{"@type":"ReadAction","target":["https:\/\/cinnabon.com.tr\/tr\/menu\/"]}]},{"@type":"BreadcrumbList","@id":"https:\/\/cinnabon.com.tr\/tr\/menu\/#breadcrumb","itemListElement":[{"@type":"ListItem","position":1,"name":"Home","item":"https:\/\/cinnabon.com.tr\/"},{"@type":"ListItem","position":2,"name":"MENU"}]},{"@type":"WebSite","@id":"https:\/\/cinnabon.com.tr\/#website","url":"https:\/\/cinnabon.com.tr\/","name":"Cinnabon Turkey","description":"1985&#039;ten beri m\u00fckemmelli\u011fin tarifi...","publisher":{"@id":"https:\/\/cinnabon.com.tr\/#organization"},"potentialAction":[{"@type":"SearchAction","target":{"@type":"EntryPoint","urlTemplate":"https:\/\/cinnabon.com.tr\/?s={search_term_string}"},"query-input":{"@type":"PropertyValueSpecification","valueRequired":true,"valueName":"search_term_string"}}],"inLanguage":"tr"},{"@type":"Organization","@id":"https:\/\/cinnabon.com.tr\/#organization","name":"Cinnabon Turkey","url":"https:\/\/cinnabon.com.tr\/","logo":{"@type":"ImageObject","inLanguage":"tr","@id":"https:\/\/cinnabon.com.tr\/#\/schema\/logo\/image\/","url":"http:\/\/cinnabon.com.tr\/wp-content\/uploads\/logo.png","contentUrl":"http:\/\/cinnabon.com.tr\/wp-content\/uploads\/logo.png","width":226,"height":75,"caption":"Cinnabon Turkey"},"image":{"@id":"https:\/\/cinnabon.com.tr\/#\/schema\/logo\/image\/"},"sameAs":["https:\/\/www.facebook.com\/Cinnabon-Turkey-921745568002130\/","https:\/\/x.com\/cinnabonturkey","https:\/\/www.instagram.com\/cinnabonturkey\/"]}]}},"_links":{"self":[{"href":"https:\/\/cinnabon.com.tr\/wp-json\/wp\/v2\/pages\/136"}],"collection":[{"href":"https:\/\/cinnabon.com.tr\/wp-json\/wp\/v2\/pages"}],"about":[{"href":"https:\/\/cinnabon.com.tr\/wp-json\/wp\/v2\/types\/page"}],"author":[{"embeddable":true,"href":"https:\/\/cinnabon.com.tr\/wp-json\/wp\/v2\/users\/1"}],"replies":[{"embeddable":true,"href":"https:\/\/cinnabon.com.tr\/wp-json\/wp\/v2\/comments?post=136"}],"version-history":[{"count":76,"href":"https:\/\/cinnabon.com.tr\/wp-json\/wp\/v2\/pages\/136\/revisions"}],"predecessor-version":[{"id":2811,"href":"https:\/\/cinnabon.com.tr\/wp-json\/wp\/v2\/pages\/136\/revisions\/2811"}],"wp:attachment":[{"href":"https:\/\/cinnabon.com.tr\/wp-json\/wp\/v2\/media?parent=136"}],"curies":[{"name":"wp","href":"https:\/\/api.w.org\/{rel}","templated":true}]}}